{"id":10,"date":"2015-04-30T11:53:41","date_gmt":"2015-04-30T09:53:41","guid":{"rendered":"http:\/\/herfred.dk\/?page_id=10"},"modified":"2022-03-14T14:12:30","modified_gmt":"2022-03-14T13:12:30","slug":"kontakt-os","status":"publish","type":"page","link":"https:\/\/herfred.dk\/?page_id=10","title":{"rendered":"Kontakt os"},"content":{"rendered":"<div class=\"wpb-content-wrapper\">[vc_row][vc_column][vc_gmaps link=&#8221;#E-8_JTNDaWZyYW1lJTIwc3JjJTNEJTIyaHR0cHMlM0ElMkYlMkZ3d3cuZ29vZ2xlLmNvbSUyRm1hcHMlMkZlbWJlZCUzRnBiJTNEJTIxMW0xOCUyMTFtMTIlMjExbTMlMjExZDIyNDkuNDk1MjQ5NzUwODQyJTIxMmQxMi41MTc1NDAwMDAwMDAwMDIlMjEzZDU1LjY4MDM3Njk5OTk5OTk4NiUyMTJtMyUyMTFmMCUyMTJmMCUyMTNmMCUyMTNtMiUyMTFpMTAyNCUyMTJpNzY4JTIxNGYxMy4xJTIxM20zJTIxMW0yJTIxMXMweDQ2NTI1M2MwZTdjNjM4ZjUlMjUzQTB4NDhhYjVlZWJjOTdiYjNlNyUyMTJzTGluZGV2YW5ncyUyQkFsbGUlMkI3JTI1MkMlMkIyMDAwJTJCRnJlZGVyaWtzYmVyZyUyMTVlMCUyMTNtMiUyMTFzZGElMjEyc2RrJTIxNHYxNDM5MzcxNzQ0MTY5JTIyJTIwd2lkdGglM0QlMjI2MDAlMjIlMjBoZWlnaHQlM0QlMjI0NTAlMjIlMjBmcmFtZWJvcmRlciUzRCUyMjAlMjIlMjBzdHlsZSUzRCUyMmJvcmRlciUzQTAlMjIlMjBhbGxvd2Z1bGxzY3JlZW4lM0UlM0MlMkZpZnJhbWUlM0VzdHlsZSUzRCUyMmJvcmRlciUzQTAlMjIlM0UlM0MlMkZpZnJhbWUlM0U=&#8221;][vc_row_inner][vc_column_inner][vc_column_text][vcex_spacing size=&#8221;30px&#8221;]\n<p>Herbergerne p\u00e5 Frederiksberg ligger som naboer p\u00e5 Lindevangs All\u00e9 7-9.<\/p>\n<p>Buslinjerne 4A,\u00a09A, 31\u00a0og\u00a034 stopper i n\u00e6rheden af herbergerne. Metrostationen Fasanvej ligger 250 meter v\u00e6k.[\/vc_column_text][\/vc_column_inner][\/vc_row_inner][\/vc_column][\/vc_row][vc_row][vc_column width=&#8221;1\/2&#8243;][vc_column_text]<strong>Lindevangen<\/strong><\/p>\n<p>Lindevangs All\u00e9 7, 2000 Frederiksberg<br \/>\nTelefon: 38 86 40 61<br \/>\nE-mail: <a href=\"mailto:sikkermail@lindevangen.dk\" target=\"_blank\" rel=\"noopener\">sikkermail@lindevangen.dk<\/a><br \/>\nHjemmeside: <a href=\"http:\/\/www.lindevangen.dk\" target=\"_blank\" rel=\"noopener\">www.lindevangen.dk<\/a><\/p>\n<p><a href=\"http:\/\/www.lindevangen.dk\/?page_id=352\">Medarbejderes kontaktoplysninger<\/a>[\/vc_column_text][\/vc_column][vc_column width=&#8221;1\/2&#8243;][vc_column_text]<strong>L\u00e6rkeh\u00f8j<\/strong><\/p>\n<p>Lindevangs All\u00e9 9, 2000 Frederiksberg<br \/>\nTelefon: 38 32 32 00<br \/>\nE-mail: <a href=\"mailto:sikkermail@laerkehoej.dk\" target=\"_blank\" rel=\"noopener\">sikkermail@laerkehoej.dk<\/a><br \/>\nHjemmeside: <a href=\"http:\/\/www.laerkehoej.dk\" target=\"_blank\" rel=\"noopener\">www.laerkehoej.dk<\/a><\/p>\n<p><a href=\"http:\/\/www.laerkehoej.dk\/?page_id=40\">Medarbejderes kontaktoplysninger<\/a>[\/vc_column_text][\/vc_column][\/vc_row][vc_row][vc_column][\/vc_column][\/vc_row]\n<\/div>","protected":false},"excerpt":{"rendered":"<p>[vc_row][vc_column][vc_gmaps link=&#8221;#E-8_JTNDaWZyYW1lJTIwc3JjJTNEJTIyaHR0cHMlM0ElMkYlMkZ3d3cuZ29vZ2xlLmNvbSUyRm1hcHMlMkZlbWJlZCUzRnBiJTNEJTIxMW0xOCUyMTFtMTIlMjExbTMlMjExZDIyNDkuNDk1MjQ5NzUwODQyJTIxMmQxMi41MTc1NDAwMDAwMDAwMDIlMjEzZDU1LjY4MDM3Njk5OTk5OTk4NiUyMTJtMyUyMTFmMCUyMTJmMCUyMTNmMCUyMTNtMiUyMTFpMTAyNCUyMTJpNzY4JTIxNGYxMy4xJTIxM20zJTIxMW0yJTIxMXMweDQ2NTI1M2MwZTdjNjM4ZjUlMjUzQTB4NDhhYjVlZWJjOTdiYjNlNyUyMTJzTGluZGV2YW5ncyUyQkFsbGUlMkI3JTI1MkMlMkIyMDAwJTJCRnJlZGVyaWtzYmVyZyUyMTVlMCUyMTNtMiUyMTFzZGElMjEyc2RrJTIxNHYxNDM5MzcxNzQ0MTY5JTIyJTIwd2lkdGglM0QlMjI2MDAlMjIlMjBoZWlnaHQlM0QlMjI0NTAlMjIlMjBmcmFtZWJvcmRlciUzRCUyMjAlMjIlMjBzdHlsZSUzRCUyMmJvcmRlciUzQTAlMjIlMjBhbGxvd2Z1bGxzY3JlZW4lM0UlM0MlMkZpZnJhbWUlM0VzdHlsZSUzRCUyMmJvcmRlciUzQTAlMjIlM0UlM0MlMkZpZnJhbWUlM0U=&#8221;][vc_row_inner][vc_column_inner][vc_column_text][vcex_spacing size=&#8221;30px&#8221;] Herbergerne p\u00e5 Frederiksberg ligger som naboer p\u00e5 Lindevangs All\u00e9 7-9. Buslinjerne 4A,\u00a09A, 31\u00a0og\u00a034 stopper i n\u00e6rheden af herbergerne. Metrostationen Fasanvej ligger 250 meter v\u00e6k.[\/vc_column_text][\/vc_column_inner][\/vc_row_inner][\/vc_column][\/vc_row][vc_row][vc_column width=&#8221;1\/2&#8243;][vc_column_text]Lindevangen Lindevangs All\u00e9 7, 2000 Frederiksberg Telefon: 38 86 40 61 E-mail: sikkermail@lindevangen.dk&hellip;<\/p>\n","protected":false},"author":2,"featured_media":0,"parent":0,"menu_order":0,"comment_status":"closed","ping_status":"closed","template":"","meta":{"footnotes":""},"class_list":["post-10","page","type-page","status-publish","hentry"],"_links":{"self":[{"href":"https:\/\/herfred.dk\/index.php?rest_route=\/wp\/v2\/pages\/10","targetHints":{"allow":["GET"]}}],"collection":[{"href":"https:\/\/herfred.dk\/index.php?rest_route=\/wp\/v2\/pages"}],"about":[{"href":"https:\/\/herfred.dk\/index.php?rest_route=\/wp\/v2\/types\/page"}],"author":[{"embeddable":true,"href":"https:\/\/herfred.dk\/index.php?rest_route=\/wp\/v2\/users\/2"}],"replies":[{"embeddable":true,"href":"https:\/\/herfred.dk\/index.php?rest_route=%2Fwp%2Fv2%2Fcomments&post=10"}],"version-history":[{"count":33,"href":"https:\/\/herfred.dk\/index.php?rest_route=\/wp\/v2\/pages\/10\/revisions"}],"predecessor-version":[{"id":636,"href":"https:\/\/herfred.dk\/index.php?rest_route=\/wp\/v2\/pages\/10\/revisions\/636"}],"wp:attachment":[{"href":"https:\/\/herfred.dk\/index.php?rest_route=%2Fwp%2Fv2%2Fmedia&parent=10"}],"curies":[{"name":"wp","href":"https:\/\/api.w.org\/{rel}","templated":true}]}}