{"id":177,"date":"2015-06-08T13:15:37","date_gmt":"2015-06-08T11:15:37","guid":{"rendered":"http:\/\/herfred.dk\/?page_id=177"},"modified":"2023-12-22T12:16:10","modified_gmt":"2023-12-22T11:16:10","slug":"natvarmestuer","status":"publish","type":"page","link":"https:\/\/herfred.dk\/?page_id=177","title":{"rendered":"Natvarmestuer"},"content":{"rendered":"<div class=\"wpb-content-wrapper\">[vc_row full_width=&#8221;&#8221; parallax=&#8221;&#8221; parallax_image=&#8221;&#8221; visibility=&#8221;&#8221; css_animation=&#8221;&#8221; center_row=&#8221;&#8221; typography_style=&#8221;&#8221; column_spacing=&#8221;&#8221; tablet_fullwidth_cols=&#8221;&#8221; bg_style=&#8221;&#8221; parallax_mobile=&#8221;&#8221; parallax_style=&#8221;&#8221; parallax_direction=&#8221;&#8221; video_bg=&#8221;&#8221; video_bg_overlay=&#8221;&#8221; border_style=&#8221;&#8221;][vc_column width=&#8221;1\/1&#8243; style=&#8221;&#8221; visibility=&#8221;&#8221; css_animation=&#8221;&#8221; typo_style=&#8221;&#8221; drop_shadow=&#8221;&#8221; bg_style=&#8221;&#8221; border_style=&#8221;&#8221;][vc_column_text]Natvarmestuer i Hovedstadsomr\u00e5det.<\/p>\n<p><em>Bem\u00e6rk, at flere af stederne kun tilbyder overnatning til det ene k\u00f8n.<\/em><\/p>\n<p><strong><a href=\"http:\/\/hilleroedgade.kirkenskorshaer.dk\/natcafe-%c2%a7-110\/\" target=\"_blank\" rel=\"noopener\">Hiller\u00f8dgades Natherberg<\/a><\/strong>, <strong>Kirkens Korsh\u00e6r<\/strong><br \/>\nHiller\u00f8dgade 64, 2200 Kbh N. Tlf: 3834 8125.<br \/>\nIngen\u00a0forevisning af ID. \u00c5bent kl.23.30 &#8211; 07.30.<\/p>\n<p><strong>Himmelekspressen<\/strong><br \/>\nVasbygade 40, 2450 Kbh SV.\u00a0Tlf: 3331 4633.<br \/>\nForevisning af ID. \u00c5bent\u00a0kl.18.00 &#8211; 07.00.<br \/>\nMad kl.18.00 &#8211; 19.00. D\u00f8rene lukkes kl.23.00.<\/p>\n<p><a href=\"http:\/\/www.laerkehoej.dk\/natvarmestuen\/\" target=\"_blank\" rel=\"noopener\"><strong>L\u00e6rkeh\u00f8j<\/strong><\/a><br \/>\nLindevangs All\u00e9 9, 2000 Frederiksberg. Tlf: 3832 3200.<br \/>\nForevisning af ID. \u00c5bent kl.23.30-07.45. \u00c5bent til kl 11.00 mandag, torsdag og fredag.<\/p>\n<p><strong><a href=\"http:\/\/www.maendeneshjem.dk\" target=\"_blank\" rel=\"noopener\">M\u00e6ndenes Hjem<\/a>\u00a0<\/strong><br \/>\nLille Istedgade 2, Kbh V. Tlf: 3324 3904.<br \/>\nKun for m\u00e6nd. Forevisning af ID. \u00c5bent: kl.24.00-kl.07.00.<\/p>\n<p><strong>Natcaf\u00e9en, Kirkens Korsh\u00e6r<\/strong><br \/>\nStengade 40, 2200 Kbh N. Tlf:\u00a03536 7845.<br \/>\nIngen\u00a0forevisning af ID. \u00c5bent\u00a0kl.24.00 &#8211; 08.00.<\/p>\n<p><strong>N\u00f8dherberget for kvinder<\/strong><br \/>\nValdemarsgade 89, 1665 Kbh V. Tlf: 3321 7524.<br \/>\nKun for kvinder. Forevisning af ID.<\/p>\n<p><a href=\"http:\/\/www.redenkoebenhavn.dk\/\" target=\"_blank\" rel=\"noopener\"><strong>Reden<\/strong><\/a><br \/>\nGasv\u00e6rksvej 24, 1656 Kbh V. Tlf: 3323 4052.<br \/>\nKun for kvinder. Forevisning af ID. \u00c5bent kl.23.00 &#8211; 09.45. D\u00f8rene lukkes kl. 02.00. D\u00f8gn\u00e5bent i weekenden.<\/p>\n<p><strong>Natcaf\u00e9en S<\/strong><strong>undholm<\/strong><br \/>\nSundholmsvej 36, 2300 Kbh\u00a0\u00a0S.\u00a0 Tlf: 3317 6651.<br \/>\nIngen\u00a0forevisning af ID. \u00c5bent kl.21.00 &#8211; 07.00.[\/vc_column_text][\/vc_column][\/vc_row]\n<\/div>","protected":false},"excerpt":{"rendered":"<p>[vc_row full_width=&#8221;&#8221; parallax=&#8221;&#8221; parallax_image=&#8221;&#8221; visibility=&#8221;&#8221; css_animation=&#8221;&#8221; center_row=&#8221;&#8221; typography_style=&#8221;&#8221; column_spacing=&#8221;&#8221; tablet_fullwidth_cols=&#8221;&#8221; bg_style=&#8221;&#8221; parallax_mobile=&#8221;&#8221; parallax_style=&#8221;&#8221; parallax_direction=&#8221;&#8221; video_bg=&#8221;&#8221; video_bg_overlay=&#8221;&#8221; border_style=&#8221;&#8221;][vc_column width=&#8221;1\/1&#8243; style=&#8221;&#8221; visibility=&#8221;&#8221; css_animation=&#8221;&#8221; typo_style=&#8221;&#8221; drop_shadow=&#8221;&#8221; bg_style=&#8221;&#8221; border_style=&#8221;&#8221;][vc_column_text]Natvarmestuer i Hovedstadsomr\u00e5det. Bem\u00e6rk, at flere af stederne kun tilbyder overnatning til det ene k\u00f8n. Hiller\u00f8dgades&hellip;<\/p>\n","protected":false},"author":3,"featured_media":0,"parent":21,"menu_order":2,"comment_status":"open","ping_status":"closed","template":"","meta":{"footnotes":""},"class_list":["post-177","page","type-page","status-publish","hentry"],"_links":{"self":[{"href":"https:\/\/herfred.dk\/index.php?rest_route=\/wp\/v2\/pages\/177","targetHints":{"allow":["GET"]}}],"collection":[{"href":"https:\/\/herfred.dk\/index.php?rest_route=\/wp\/v2\/pages"}],"about":[{"href":"https:\/\/herfred.dk\/index.php?rest_route=\/wp\/v2\/types\/page"}],"author":[{"embeddable":true,"href":"https:\/\/herfred.dk\/index.php?rest_route=\/wp\/v2\/users\/3"}],"replies":[{"embeddable":true,"href":"https:\/\/herfred.dk\/index.php?rest_route=%2Fwp%2Fv2%2Fcomments&post=177"}],"version-history":[{"count":16,"href":"https:\/\/herfred.dk\/index.php?rest_route=\/wp\/v2\/pages\/177\/revisions"}],"predecessor-version":[{"id":2167,"href":"https:\/\/herfred.dk\/index.php?rest_route=\/wp\/v2\/pages\/177\/revisions\/2167"}],"up":[{"embeddable":true,"href":"https:\/\/herfred.dk\/index.php?rest_route=\/wp\/v2\/pages\/21"}],"wp:attachment":[{"href":"https:\/\/herfred.dk\/index.php?rest_route=%2Fwp%2Fv2%2Fmedia&parent=177"}],"curies":[{"name":"wp","href":"https:\/\/api.w.org\/{rel}","templated":true}]}}