{"id":180,"date":"2015-06-08T13:46:19","date_gmt":"2015-06-08T11:46:19","guid":{"rendered":"http:\/\/herfred.dk\/?page_id=180"},"modified":"2024-02-15T14:38:37","modified_gmt":"2024-02-15T13:38:37","slug":"vaeresteder","status":"publish","type":"page","link":"https:\/\/herfred.dk\/?page_id=180","title":{"rendered":"V\u00e6resteder"},"content":{"rendered":"<p><strong>V\u00e6resteder i K\u00f8benhavn.<\/strong><\/p>\n<p><strong>Ikke alle har faste \u00e5bningstider.<\/strong><\/p>\n<p><strong>Bem\u00e6rk at\u00a0de henvender sig til forskellige m\u00e5lgrupper.<\/strong><\/p>\n<p><strong>Aktivitetscentret<\/strong> \u2013 Roskildevej 42A, Tlf.: 36 30 39 04.<br \/>\nVisitation via FKRC. Under 35 \u00e5r.<\/p>\n<p><strong>Amadeus<\/strong> \u2013 Brorgbjergvej 54, SV. Tlf.: 33 31 60 03.<br \/>\n\u00c5bent\u00a0mandag til fredag\u00a0kl.10:00-kl.15:00.<\/p>\n<p><strong>Caf\u00e9en<\/strong> \u2013 Nylandsvej 66, 2000 Frb. Tlf.: 38 88 75 78.<br \/>\nAlkohol og stoffri; psykisk syge, pensionister.<br \/>\n\u00c5bent mandag til fredag kl. 10-16, onsdag kl.10-19.<\/p>\n<p><strong>Flintholms V\u00e6rested<\/strong> \u2013 Flintholms All\u00e9 20. Tlf.: 38 21 38 91.<br \/>\nPsykisk syge. Ingen stofmisbrug\/alkohol.\u00a0\u00a0\u00c5bent mandag til fredag kl. 12-17.<\/p>\n<p><strong>Istedgades V\u00e6rested, Kirkens Korsh\u00e6r<\/strong>. Istedgade 100, Kbh. V. Tlf.: 61 18 63 13.<br \/>\n\u00c5bent mandag, tirsdag kl. 8:30-11.30 + (+ tirsdag for kvinder 11:30-14:00)<br \/>\nFredag: 8:30 \u2013 11:30 (+ for m\u00e6nd 11:30 &#8211; 14:00) samt s\u00f8ndag kl. 10-13.<\/p>\n<p><strong>Kontaktcentret<\/strong> \u2013 Valdemarsgade 21, V, Tlf.: 3331 9804.<br \/>\n\u00c5bent mandag til fredag kl.08:00-kl.14:00.<\/p>\n<p><strong>Marie Kirke, V\u00e5benhuset\u00a0\u00a0Mariatjenesten<\/strong> \u2013 Tlf.: 33 24 50 50.<br \/>\n\u00c5bent mandag til fredag kl.12:00-kl.16:00\u00a0og kl.19:30-kl.23:00. L\u00f8rdag og s\u00f8ndag kun\u00a0kl.19:30-23:00.<\/p>\n<p><strong>Netv\u00e6rksstedet Thorvaldsen<\/strong> \u2013 Thorvaldsensvej. Tlf: 35 35 66 47.<br \/>\nPsykisk syge,\u00a0ikke for\u00a0stofmisbrugere\/ metadonister.<\/p>\n<p><strong>Pegasus <\/strong>&#8211; Enghavevej 152, V. Tlf: 33 21 98 15.<br \/>\nPsykisk syge; ikke tunge misbrugere. \u00c5bent mandag til fredag kl.10:00-15:00.<\/p>\n<p><strong>Reden<\/strong> \u2013 Gasv\u00e6rksvej 24. Tlf: 3323 4052 .<br \/>\nKun for kvinder. \u00c5bent mandag til fredag kl.14:00-kl.23:00, l\u00f8rdag kl.17:00-kl.23:00 0g\u00a0s\u00f8ndag kl.17:00-kl.22:00.<\/p>\n<p><strong>Skalbakkens Lilleskole for voksne<\/strong> \u2013\u00a0Skalbakken 17, Vanl\u00f8se. Tlf:3879 9924.<br \/>\nIkke aktive stofmisbrugere<\/p>\n<p><strong>Theklavejs Lilleskole for voksne<\/strong> \u2013 Theklavej 46, NV. Tlf: 3810 4654.<br \/>\nIkke aktive stofmisbrugere<strong><br \/>\n<\/strong><\/p>\n","protected":false},"excerpt":{"rendered":"<p>V\u00e6resteder i K\u00f8benhavn. Ikke alle har faste \u00e5bningstider. Bem\u00e6rk at\u00a0de henvender sig til forskellige m\u00e5lgrupper. Aktivitetscentret \u2013 Roskildevej 42A, Tlf.: 36 30 39 04. Visitation via FKRC. Under 35 \u00e5r. Amadeus \u2013 Brorgbjergvej 54, SV. Tlf.: 33 31 60 03.&hellip;<\/p>\n","protected":false},"author":3,"featured_media":0,"parent":21,"menu_order":3,"comment_status":"open","ping_status":"open","template":"","meta":{"footnotes":""},"class_list":["post-180","page","type-page","status-publish","hentry"],"_links":{"self":[{"href":"https:\/\/herfred.dk\/index.php?rest_route=\/wp\/v2\/pages\/180","targetHints":{"allow":["GET"]}}],"collection":[{"href":"https:\/\/herfred.dk\/index.php?rest_route=\/wp\/v2\/pages"}],"about":[{"href":"https:\/\/herfred.dk\/index.php?rest_route=\/wp\/v2\/types\/page"}],"author":[{"embeddable":true,"href":"https:\/\/herfred.dk\/index.php?rest_route=\/wp\/v2\/users\/3"}],"replies":[{"embeddable":true,"href":"https:\/\/herfred.dk\/index.php?rest_route=%2Fwp%2Fv2%2Fcomments&post=180"}],"version-history":[{"count":12,"href":"https:\/\/herfred.dk\/index.php?rest_route=\/wp\/v2\/pages\/180\/revisions"}],"predecessor-version":[{"id":2217,"href":"https:\/\/herfred.dk\/index.php?rest_route=\/wp\/v2\/pages\/180\/revisions\/2217"}],"up":[{"embeddable":true,"href":"https:\/\/herfred.dk\/index.php?rest_route=\/wp\/v2\/pages\/21"}],"wp:attachment":[{"href":"https:\/\/herfred.dk\/index.php?rest_route=%2Fwp%2Fv2%2Fmedia&parent=180"}],"curies":[{"name":"wp","href":"https:\/\/api.w.org\/{rel}","templated":true}]}}