{"id":186,"date":"2015-06-08T13:51:09","date_gmt":"2015-06-08T11:51:09","guid":{"rendered":"http:\/\/herfred.dk\/?page_id=186"},"modified":"2015-08-24T15:37:54","modified_gmt":"2015-08-24T13:37:54","slug":"hus-forbi","status":"publish","type":"page","link":"https:\/\/herfred.dk\/?page_id=186","title":{"rendered":"Hus Forbi"},"content":{"rendered":"<div class=\"wpb-content-wrapper\">[vc_row full_width=&#8221;&#8221; parallax=&#8221;&#8221; parallax_image=&#8221;&#8221; visibility=&#8221;&#8221; css_animation=&#8221;&#8221; center_row=&#8221;&#8221; typography_style=&#8221;&#8221; column_spacing=&#8221;&#8221; tablet_fullwidth_cols=&#8221;&#8221; bg_style=&#8221;&#8221; parallax_mobile=&#8221;&#8221; parallax_style=&#8221;&#8221; parallax_direction=&#8221;&#8221; video_bg=&#8221;&#8221; video_bg_overlay=&#8221;&#8221; border_style=&#8221;&#8221;][vc_column width=&#8221;1\/1&#8243; style=&#8221;&#8221; visibility=&#8221;&#8221; css_animation=&#8221;&#8221; typo_style=&#8221;&#8221; drop_shadow=&#8221;&#8221; bg_style=&#8221;&#8221; border_style=&#8221;&#8221;][vc_column_text]<strong>Hus Forbi<\/strong> er bladet om hjeml\u00f8shed, der udkommer hver m\u00e5ned. Hjemmesiden indeholder artikler om\u00a0socialt udsatte og\u00a0livet p\u00e5 gaden. Bedre er det dog at k\u00f8be den trykte m\u00e5nedsavis til\u00a020 kr, hvorved man st\u00f8tter s\u00e6lgeren med 8 kr.<\/p>\n<p>S\u00e6lgere af Hus Forbi har mulighed for at k\u00f8be avisen p\u00e5 L\u00e6rkeh\u00f8j i receptionens \u00e5bningstid.<\/p>\n<p>L\u00e6s mere <a href=\"http:\/\/www.husforbi.dk\/\" target=\"_blank\">her<\/a>.[\/vc_column_text][\/vc_column][\/vc_row]\n<\/div>","protected":false},"excerpt":{"rendered":"<p>[vc_row full_width=&#8221;&#8221; parallax=&#8221;&#8221; parallax_image=&#8221;&#8221; visibility=&#8221;&#8221; css_animation=&#8221;&#8221; center_row=&#8221;&#8221; typography_style=&#8221;&#8221; column_spacing=&#8221;&#8221; tablet_fullwidth_cols=&#8221;&#8221; bg_style=&#8221;&#8221; parallax_mobile=&#8221;&#8221; parallax_style=&#8221;&#8221; parallax_direction=&#8221;&#8221; video_bg=&#8221;&#8221; video_bg_overlay=&#8221;&#8221; border_style=&#8221;&#8221;][vc_column width=&#8221;1\/1&#8243; style=&#8221;&#8221; visibility=&#8221;&#8221; css_animation=&#8221;&#8221; typo_style=&#8221;&#8221; drop_shadow=&#8221;&#8221; bg_style=&#8221;&#8221; border_style=&#8221;&#8221;][vc_column_text]Hus Forbi er bladet om hjeml\u00f8shed, der udkommer hver m\u00e5ned. Hjemmesiden indeholder artikler om\u00a0socialt udsatte og\u00a0livet&hellip;<\/p>\n","protected":false},"author":3,"featured_media":0,"parent":21,"menu_order":5,"comment_status":"open","ping_status":"open","template":"","meta":{"footnotes":""},"class_list":["post-186","page","type-page","status-publish","hentry"],"_links":{"self":[{"href":"https:\/\/herfred.dk\/index.php?rest_route=\/wp\/v2\/pages\/186","targetHints":{"allow":["GET"]}}],"collection":[{"href":"https:\/\/herfred.dk\/index.php?rest_route=\/wp\/v2\/pages"}],"about":[{"href":"https:\/\/herfred.dk\/index.php?rest_route=\/wp\/v2\/types\/page"}],"author":[{"embeddable":true,"href":"https:\/\/herfred.dk\/index.php?rest_route=\/wp\/v2\/users\/3"}],"replies":[{"embeddable":true,"href":"https:\/\/herfred.dk\/index.php?rest_route=%2Fwp%2Fv2%2Fcomments&post=186"}],"version-history":[{"count":7,"href":"https:\/\/herfred.dk\/index.php?rest_route=\/wp\/v2\/pages\/186\/revisions"}],"predecessor-version":[{"id":386,"href":"https:\/\/herfred.dk\/index.php?rest_route=\/wp\/v2\/pages\/186\/revisions\/386"}],"up":[{"embeddable":true,"href":"https:\/\/herfred.dk\/index.php?rest_route=\/wp\/v2\/pages\/21"}],"wp:attachment":[{"href":"https:\/\/herfred.dk\/index.php?rest_route=%2Fwp%2Fv2%2Fmedia&parent=186"}],"curies":[{"name":"wp","href":"https:\/\/api.w.org\/{rel}","templated":true}]}}