{"id":189,"date":"2015-06-08T14:20:40","date_gmt":"2015-06-08T12:20:40","guid":{"rendered":"http:\/\/herfred.dk\/?page_id=189"},"modified":"2015-09-04T14:39:47","modified_gmt":"2015-09-04T12:39:47","slug":"forening-for-hjemloese","status":"publish","type":"page","link":"https:\/\/herfred.dk\/?page_id=189","title":{"rendered":"SAND &#8211; Forening for hjeml\u00f8se"},"content":{"rendered":"<p><strong>SAND \u2013 De Hjeml\u00f8ses Landsorganisation<\/strong> har en hjemmeside med mange aktiviteter og informationer om hjeml\u00f8ses vilk\u00e5r.<\/p>\n<p>SAND\u2019s <a href=\"http:\/\/www.sandudvalg.dk\/\" target=\"_blank\">hjemmeside<\/a>.<\/p>\n","protected":false},"excerpt":{"rendered":"<p>SAND \u2013 De Hjeml\u00f8ses Landsorganisation har en hjemmeside med mange aktiviteter og informationer om hjeml\u00f8ses vilk\u00e5r. SAND\u2019s hjemmeside.<\/p>\n","protected":false},"author":3,"featured_media":0,"parent":21,"menu_order":6,"comment_status":"open","ping_status":"open","template":"","meta":{"footnotes":""},"class_list":["post-189","page","type-page","status-publish","hentry"],"_links":{"self":[{"href":"https:\/\/herfred.dk\/index.php?rest_route=\/wp\/v2\/pages\/189","targetHints":{"allow":["GET"]}}],"collection":[{"href":"https:\/\/herfred.dk\/index.php?rest_route=\/wp\/v2\/pages"}],"about":[{"href":"https:\/\/herfred.dk\/index.php?rest_route=\/wp\/v2\/types\/page"}],"author":[{"embeddable":true,"href":"https:\/\/herfred.dk\/index.php?rest_route=\/wp\/v2\/users\/3"}],"replies":[{"embeddable":true,"href":"https:\/\/herfred.dk\/index.php?rest_route=%2Fwp%2Fv2%2Fcomments&post=189"}],"version-history":[{"count":4,"href":"https:\/\/herfred.dk\/index.php?rest_route=\/wp\/v2\/pages\/189\/revisions"}],"predecessor-version":[{"id":432,"href":"https:\/\/herfred.dk\/index.php?rest_route=\/wp\/v2\/pages\/189\/revisions\/432"}],"up":[{"embeddable":true,"href":"https:\/\/herfred.dk\/index.php?rest_route=\/wp\/v2\/pages\/21"}],"wp:attachment":[{"href":"https:\/\/herfred.dk\/index.php?rest_route=%2Fwp%2Fv2%2Fmedia&parent=189"}],"curies":[{"name":"wp","href":"https:\/\/api.w.org\/{rel}","templated":true}]}}