{"id":21,"date":"2015-05-10T19:57:19","date_gmt":"2015-05-10T17:57:19","guid":{"rendered":"http:\/\/herfred.dk\/?page_id=21"},"modified":"2024-07-11T14:45:33","modified_gmt":"2024-07-11T12:45:33","slug":"andre-tilbud","status":"publish","type":"page","link":"https:\/\/herfred.dk\/?page_id=21","title":{"rendered":"Andre tilbud"},"content":{"rendered":"<p><a href=\"http:\/\/herfred.dk\/wp-content\/uploads\/2015\/08\/Andre-Tilbud.jpg\"><img loading=\"lazy\" decoding=\"async\" class=\"alignnone wp-image-341 size-full\" src=\"http:\/\/herfred.dk\/wp-content\/uploads\/2015\/08\/Andre-Tilbud.jpg\" alt=\"Andre tilbud\" width=\"1200\" height=\"500\" srcset=\"https:\/\/herfred.dk\/wp-content\/uploads\/2015\/08\/Andre-Tilbud.jpg 1200w, https:\/\/herfred.dk\/wp-content\/uploads\/2015\/08\/Andre-Tilbud-300x125.jpg 300w, https:\/\/herfred.dk\/wp-content\/uploads\/2015\/08\/Andre-Tilbud-1024x427.jpg 1024w\" sizes=\"auto, (max-width: 1200px) 100vw, 1200px\" \/><\/a><\/p>\n<p>Der findes f\u00f8lgende andre tilbud til hjeml\u00f8se:<\/p>\n<p><a href=\"http:\/\/herfred.dk\/?page_id=174\">Herberger i K\u00f8benhavnsomr\u00e5det<\/a><br \/>\n<a href=\"http:\/\/herfred.dk\/?page_id=177\">Natvarmestuer<\/a><br \/>\n<a href=\"http:\/\/herfred.dk\/?page_id=180\">V\u00e6resteder<\/a><br \/>\n<a href=\"http:\/\/herfred.dk\/?page_id=186\">Hus Forbi<\/a><br \/>\n<a href=\"http:\/\/herfred.dk\/?page_id=189\">SAND Forening for hjeml\u00f8se<\/a><\/p>\n","protected":false},"excerpt":{"rendered":"<p>Der findes f\u00f8lgende andre tilbud til hjeml\u00f8se: Herberger i K\u00f8benhavnsomr\u00e5det Natvarmestuer V\u00e6resteder Hus Forbi SAND Forening for hjeml\u00f8se<\/p>\n","protected":false},"author":2,"featured_media":0,"parent":0,"menu_order":0,"comment_status":"closed","ping_status":"closed","template":"","meta":{"footnotes":""},"class_list":["post-21","page","type-page","status-publish","hentry"],"_links":{"self":[{"href":"https:\/\/herfred.dk\/index.php?rest_route=\/wp\/v2\/pages\/21","targetHints":{"allow":["GET"]}}],"collection":[{"href":"https:\/\/herfred.dk\/index.php?rest_route=\/wp\/v2\/pages"}],"about":[{"href":"https:\/\/herfred.dk\/index.php?rest_route=\/wp\/v2\/types\/page"}],"author":[{"embeddable":true,"href":"https:\/\/herfred.dk\/index.php?rest_route=\/wp\/v2\/users\/2"}],"replies":[{"embeddable":true,"href":"https:\/\/herfred.dk\/index.php?rest_route=%2Fwp%2Fv2%2Fcomments&post=21"}],"version-history":[{"count":28,"href":"https:\/\/herfred.dk\/index.php?rest_route=\/wp\/v2\/pages\/21\/revisions"}],"predecessor-version":[{"id":2253,"href":"https:\/\/herfred.dk\/index.php?rest_route=\/wp\/v2\/pages\/21\/revisions\/2253"}],"wp:attachment":[{"href":"https:\/\/herfred.dk\/index.php?rest_route=%2Fwp%2Fv2%2Fmedia&parent=21"}],"curies":[{"name":"wp","href":"https:\/\/api.w.org\/{rel}","templated":true}]}}