{"id":36,"date":"2015-05-11T11:32:50","date_gmt":"2015-05-11T09:32:50","guid":{"rendered":"http:\/\/herfred.dk\/?page_id=36"},"modified":"2015-08-24T15:12:40","modified_gmt":"2015-08-24T13:12:40","slug":"lovgrundlaget","status":"publish","type":"page","link":"https:\/\/herfred.dk\/?page_id=36","title":{"rendered":"Lovgrundlaget"},"content":{"rendered":"<p>Herbergerne p\u00e5 Frederiksberg drives efter f\u00f8lgende paragraffer i lov om social service:<\/p>\n<p><em>\u00a7 <\/em>110<br \/>\n<em>Kommunalbestyrelsen skal tilbyde midlertidigt ophold i boformer til personer med s\u00e6rlige sociale problemer, som ikke har eller ikke kan opholde sig i egen bolig, og som har behov for botilbud og for tilbud om aktiverende st\u00f8tte, omsorg og efterf\u00f8lgende hj\u00e6lp.<\/em><\/p>\n<p><em>Stk. 2. Optagelse i boformer efter stk. 1 kan ske ved egen henvendelse eller ved henvisning fra offentlige myndigheder.<\/em><br \/>\n<em>Stk. 3. Lederen tr\u00e6ffer afg\u00f8relse om optagelse.<\/em><\/p>\n<p><em>\u00a0<\/em><br \/>\n<em>\u00a7 107<\/em><br \/>\n<em>Kommunalbestyrelsen kan tilbyde midlertidigt ophold i boformer til personer, som p\u00e5 grund af betydelig nedsat fysisk eller psykisk funktionsevne eller s\u00e6rlige sociale problemer har behov for det.<\/em><\/p>\n<p><em>Stk. 2. Kommunalbestyrelsen skal tilbyde midlertidigt ophold:<\/em><br \/>\n<em>1) til personer med betydelig nedsat fysisk eller psykisk funktionsevne, der har behov for omfattende hj\u00e6lp til almindelige, daglige funktioner eller for pleje, eller som i en periode har behov for s\u00e6rlig behandlingsm\u00e6ssig st\u00f8tte, og<\/em><br \/>\n<em>2) til personer med nedsat psykisk funktionsevne eller med s\u00e6rlige sociale problemer, der har behov for pleje eller behandling, og som p\u00e5 grund af disse vanskeligheder ikke kan klare sig uden st\u00f8tte.<\/em><\/p>\n<p><em>\u00a0<\/em><br \/>\n<em>\u00a7 85<\/em><br \/>\n<em>Kommunalbestyrelsen skal tilbyde hj\u00e6lp, omsorg eller st\u00f8tte samt optr\u00e6ning og hj\u00e6lp til udvikling af f\u00e6rdigheder til personer, der har behov herfor p\u00e5 grund af betydelig nedsat fysisk eller psykisk funktionsevne eller s\u00e6rlige sociale problemer.<\/em><\/p>\n<p><em>L\u00e6s mere i <a href=\"https:\/\/www.retsinformation.dk\/forms\/R0710.aspx?id=135619\" target=\"_blank\">Vejledning nr. 4 til Serviceloven<\/a> (om botilbud mv. til voksne). <\/em><\/p>\n","protected":false},"excerpt":{"rendered":"<p>Herbergerne p\u00e5 Frederiksberg drives efter f\u00f8lgende paragraffer i lov om social service: \u00a7 110 Kommunalbestyrelsen skal tilbyde midlertidigt ophold i boformer til personer med s\u00e6rlige sociale problemer, som ikke har eller ikke kan opholde sig i egen bolig, og som&hellip;<\/p>\n","protected":false},"author":2,"featured_media":0,"parent":8,"menu_order":1,"comment_status":"closed","ping_status":"closed","template":"","meta":{"footnotes":""},"class_list":["post-36","page","type-page","status-publish","hentry"],"_links":{"self":[{"href":"https:\/\/herfred.dk\/index.php?rest_route=\/wp\/v2\/pages\/36","targetHints":{"allow":["GET"]}}],"collection":[{"href":"https:\/\/herfred.dk\/index.php?rest_route=\/wp\/v2\/pages"}],"about":[{"href":"https:\/\/herfred.dk\/index.php?rest_route=\/wp\/v2\/types\/page"}],"author":[{"embeddable":true,"href":"https:\/\/herfred.dk\/index.php?rest_route=\/wp\/v2\/users\/2"}],"replies":[{"embeddable":true,"href":"https:\/\/herfred.dk\/index.php?rest_route=%2Fwp%2Fv2%2Fcomments&post=36"}],"version-history":[{"count":9,"href":"https:\/\/herfred.dk\/index.php?rest_route=\/wp\/v2\/pages\/36\/revisions"}],"predecessor-version":[{"id":379,"href":"https:\/\/herfred.dk\/index.php?rest_route=\/wp\/v2\/pages\/36\/revisions\/379"}],"up":[{"embeddable":true,"href":"https:\/\/herfred.dk\/index.php?rest_route=\/wp\/v2\/pages\/8"}],"wp:attachment":[{"href":"https:\/\/herfred.dk\/index.php?rest_route=%2Fwp%2Fv2%2Fmedia&parent=36"}],"curies":[{"name":"wp","href":"https:\/\/api.w.org\/{rel}","templated":true}]}}