{"id":394,"date":"2015-09-02T13:29:34","date_gmt":"2015-09-02T11:29:34","guid":{"rendered":"http:\/\/herfred.dk\/?page_id=394"},"modified":"2026-03-03T13:46:28","modified_gmt":"2026-03-03T12:46:28","slug":"statistik","status":"publish","type":"page","link":"https:\/\/herfred.dk\/?page_id=394","title":{"rendered":"Statistik"},"content":{"rendered":"<div class=\"wpb-content-wrapper\">[vc_row full_width=&#8221;&#8221; parallax=&#8221;&#8221; parallax_image=&#8221;&#8221; visibility=&#8221;&#8221; css_animation=&#8221;&#8221; center_row=&#8221;&#8221; typography_style=&#8221;&#8221; column_spacing=&#8221;&#8221; tablet_fullwidth_cols=&#8221;&#8221; bg_style=&#8221;&#8221; parallax_mobile=&#8221;&#8221; parallax_style=&#8221;&#8221; parallax_direction=&#8221;&#8221; video_bg=&#8221;&#8221; video_bg_overlay=&#8221;&#8221; border_style=&#8221;&#8221;][vc_column width=&#8221;1\/1&#8243; style=&#8221;&#8221; visibility=&#8221;&#8221; css_animation=&#8221;&#8221; typo_style=&#8221;&#8221; drop_shadow=&#8221;&#8221; bg_style=&#8221;&#8221; border_style=&#8221;&#8221;][vc_column_text]\n<h2><strong>Samlet opg\u00f8relse for institutionens 77 \u00a7110 pladser p\u00e5 Herberget L\u00e6rkeh\u00f8j, Herberget Lindevangen, Udsigten og <\/strong><strong>Akutboliger for Unge<\/strong><\/h2>\n<h1>\u00c5rsstatistikker<\/h1>\n<h2>2025<\/h2>\n<p><a href=\"https:\/\/herfred.dk\/wp-content\/uploads\/2026\/03\/Aarsstatistik_samlet_LHLVAU_2025.pdf\">\u00c5rsstatistik 2025<\/a><br \/>\nDer er desv\u00e6rre ingen udvidet \u00e5rsstatistik for 2025 grundet \u00e6ndringer i vores IT-platform<\/p>\n<h2>2024<\/h2>\n<p><a href=\"https:\/\/herfred.dk\/wp-content\/uploads\/2025\/05\/Udvidet-aarsstatistik-2024.pdf\">Udvidet \u00e5rsstatistik 2024<\/a><br \/>\n<a href=\"https:\/\/herfred.dk\/wp-content\/uploads\/2025\/05\/Aarsstatistik-2024-Herbergerne.pdf\">\u00c5rsstatistik 2024<\/a><\/p>\n<h2>2023<\/h2>\n<p><a href=\"http:\/\/herfred.dk\/wp-content\/uploads\/2024\/02\/Aarsrapport-2023.pdf\">Udvidet \u00e5rsstatistik 2023<\/a><br \/>\n<a href=\"http:\/\/herfred.dk\/wp-content\/uploads\/2024\/02\/Aarsstatistik-2023-LVLH.pdf\">\u00c5rsstatistik 2023<\/a><\/p>\n<h2>2022<\/h2>\n<p><a href=\"http:\/\/herfred.dk\/wp-content\/uploads\/2023\/03\/Aarsstatistik-2022-Den-selvejende-institution-Lindevangen.pdf\">Udvidet \u00e5rsstatistik 2022<\/a><br \/>\n<a href=\"http:\/\/herfred.dk\/wp-content\/uploads\/2023\/03\/Samlet-aarsstatistik-2022.pdf\">\u00c5rsstatistik 2022<\/a><\/p>\n<\/div>","protected":false},"excerpt":{"rendered":"<p>[vc_row full_width=&#8221;&#8221; parallax=&#8221;&#8221; parallax_image=&#8221;&#8221; visibility=&#8221;&#8221; css_animation=&#8221;&#8221; center_row=&#8221;&#8221; typography_style=&#8221;&#8221; column_spacing=&#8221;&#8221; tablet_fullwidth_cols=&#8221;&#8221; bg_style=&#8221;&#8221; parallax_mobile=&#8221;&#8221; parallax_style=&#8221;&#8221; parallax_direction=&#8221;&#8221; video_bg=&#8221;&#8221; video_bg_overlay=&#8221;&#8221; border_style=&#8221;&#8221;][vc_column width=&#8221;1\/1&#8243; style=&#8221;&#8221; visibility=&#8221;&#8221; css_animation=&#8221;&#8221; typo_style=&#8221;&#8221; drop_shadow=&#8221;&#8221; bg_style=&#8221;&#8221; border_style=&#8221;&#8221;][vc_column_text] Samlet opg\u00f8relse for institutionens 77 \u00a7110 pladser p\u00e5 Herberget L\u00e6rkeh\u00f8j, Herberget Lindevangen, Udsigten og Akutboliger&hellip;<\/p>\n","protected":false},"author":2,"featured_media":0,"parent":8,"menu_order":0,"comment_status":"open","ping_status":"open","template":"","meta":{"footnotes":""},"class_list":["post-394","page","type-page","status-publish","hentry"],"_links":{"self":[{"href":"https:\/\/herfred.dk\/index.php?rest_route=\/wp\/v2\/pages\/394","targetHints":{"allow":["GET"]}}],"collection":[{"href":"https:\/\/herfred.dk\/index.php?rest_route=\/wp\/v2\/pages"}],"about":[{"href":"https:\/\/herfred.dk\/index.php?rest_route=\/wp\/v2\/types\/page"}],"author":[{"embeddable":true,"href":"https:\/\/herfred.dk\/index.php?rest_route=\/wp\/v2\/users\/2"}],"replies":[{"embeddable":true,"href":"https:\/\/herfred.dk\/index.php?rest_route=%2Fwp%2Fv2%2Fcomments&post=394"}],"version-history":[{"count":36,"href":"https:\/\/herfred.dk\/index.php?rest_route=\/wp\/v2\/pages\/394\/revisions"}],"predecessor-version":[{"id":2293,"href":"https:\/\/herfred.dk\/index.php?rest_route=\/wp\/v2\/pages\/394\/revisions\/2293"}],"up":[{"embeddable":true,"href":"https:\/\/herfred.dk\/index.php?rest_route=\/wp\/v2\/pages\/8"}],"wp:attachment":[{"href":"https:\/\/herfred.dk\/index.php?rest_route=%2Fwp%2Fv2%2Fmedia&parent=394"}],"curies":[{"name":"wp","href":"https:\/\/api.w.org\/{rel}","templated":true}]}}