{"id":40,"date":"2015-05-11T11:33:17","date_gmt":"2015-05-11T09:33:17","guid":{"rendered":"http:\/\/herfred.dk\/?page_id=40"},"modified":"2026-01-16T14:04:48","modified_gmt":"2026-01-16T13:04:48","slug":"bestyrelsen","status":"publish","type":"page","link":"https:\/\/herfred.dk\/?page_id=40","title":{"rendered":"Bestyrelsen"},"content":{"rendered":"<div class=\"wpb-content-wrapper\">[vc_row full_width=&#8221;&#8221; parallax=&#8221;&#8221; parallax_image=&#8221;&#8221; visibility=&#8221;&#8221; css_animation=&#8221;&#8221; center_row=&#8221;&#8221; typography_style=&#8221;&#8221; column_spacing=&#8221;&#8221; tablet_fullwidth_cols=&#8221;&#8221; bg_style=&#8221;&#8221; parallax_mobile=&#8221;&#8221; parallax_style=&#8221;&#8221; parallax_direction=&#8221;&#8221; video_bg=&#8221;&#8221; video_bg_overlay=&#8221;&#8221; border_style=&#8221;&#8221;][vc_column width=&#8221;1\/1&#8243; style=&#8221;&#8221; visibility=&#8221;&#8221; css_animation=&#8221;&#8221; typo_style=&#8221;&#8221; drop_shadow=&#8221;&#8221; bg_style=&#8221;&#8221; border_style=&#8221;&#8221;][vc_column_text]<strong>Bestyrelsen for den selvejende institution Lindevangen<\/strong><br \/>\nDecember 2025<\/p>\n<p><strong>Peter Sindal Lundsberg, formand<\/strong><br \/>\nUddannet advokat og selvst\u00e6ndig mediator og advokat.<br \/>\nN\u00e6stformand for menighedsr\u00e5det ved Holmens Kirke og<br \/>\nbestyrelsesmedlem i KKUC Udviklings- og behandlingscenter.<\/p>\n<p><strong>Elsebet Schultz, n\u00e6stformand<\/strong><br \/>\nUddannet socialr\u00e5dgiver.<br \/>\nErfaring med strategisk ledelse i kommuner,<br \/>\nsenest driftschef for Social- og Handicap i Gentofte Kommune.<\/p>\n<p><strong>Helle Jarlmose<\/strong><br \/>\nUddannet Cand. mag. i Dansk og Anvendt sprogvidenskab.<br \/>\nLedelseserfaring fra NGO organisationer,<br \/>\nsenest Generalsekret\u00e6r for KFUKs Sociale Arbejde.<\/p>\n<p><strong>Ilja Sabaj-Kj\u00e6r<br \/>\n<\/strong>Uddannet Cand.scient.soc i Sociologi.<br \/>\nErfaring med systemforandring, policy og analyse p\u00e5 hjeml\u00f8seomr\u00e5det.<br \/>\nAnsat som programchef i Hjem til Alle alliancen.<\/p>\n<p><strong>Birgitte Meisner Nielsen<br \/>\n<\/strong>Uddannet Cand.mag. i filosofi og historie.<br \/>\nLedelseserfaring fra den private sektor og organisationsverdenen.<br \/>\nDirekt\u00f8r for Esrum kloster &amp; M\u00f8lleg\u00e5rd.<\/p>\n<p><strong>Tanja S\u00f8rensen Hjortby, medarbejdervalgt bestyrelsesmedlem, L\u00e6rkeh\u00f8j<\/strong><br \/>\nUddannet socialr\u00e5dgiver.<br \/>\nErfaring med socialt arbejde og voksne udsatte i fra NGO verdenen.<br \/>\nAnsat p\u00e5 Herberget L\u00e6rkeh\u00f8j som kontaktperson.<\/p>\n<p><strong>Rasmus Gr\u00f8nb\u00e6k Jensen, medarbejdervalgt bestyrelsesmedlem, Lindevangen<br \/>\n<\/strong>Uddannet socialp\u00e6dagog og Cand.mag. i P\u00e6dagogik.<br \/>\nErfaring med p\u00e6dagogiske processer og metode.<br \/>\nKontaktperson p\u00e5 Herberget Lindevangen<\/p>\n<p><strong>Ledere<\/strong> &#8211; Deltager i bestyrelsesm\u00f8der<br \/>\nS\u00f8ren Romar \u2013 forstander, Lindevangen og L\u00e6rkeh\u00f8j<br \/>\nAnnette Mainz \u2013 leder, Lindevangen<br \/>\nMarie Louise Damgaard \u2013 leder, L\u00e6rkeh\u00f8j<\/p>\n[\/vc_column_text][\/vc_column][\/vc_row]\n<\/div>","protected":false},"excerpt":{"rendered":"<p>[vc_row full_width=&#8221;&#8221; parallax=&#8221;&#8221; parallax_image=&#8221;&#8221; visibility=&#8221;&#8221; css_animation=&#8221;&#8221; center_row=&#8221;&#8221; typography_style=&#8221;&#8221; column_spacing=&#8221;&#8221; tablet_fullwidth_cols=&#8221;&#8221; bg_style=&#8221;&#8221; parallax_mobile=&#8221;&#8221; parallax_style=&#8221;&#8221; parallax_direction=&#8221;&#8221; video_bg=&#8221;&#8221; video_bg_overlay=&#8221;&#8221; border_style=&#8221;&#8221;][vc_column width=&#8221;1\/1&#8243; style=&#8221;&#8221; visibility=&#8221;&#8221; css_animation=&#8221;&#8221; typo_style=&#8221;&#8221; drop_shadow=&#8221;&#8221; bg_style=&#8221;&#8221; border_style=&#8221;&#8221;][vc_column_text]Bestyrelsen for den selvejende institution Lindevangen December 2025 Peter Sindal Lundsberg, formand Uddannet advokat og selvst\u00e6ndig&hellip;<\/p>\n","protected":false},"author":2,"featured_media":0,"parent":8,"menu_order":2,"comment_status":"closed","ping_status":"closed","template":"","meta":{"footnotes":""},"class_list":["post-40","page","type-page","status-publish","hentry"],"_links":{"self":[{"href":"https:\/\/herfred.dk\/index.php?rest_route=\/wp\/v2\/pages\/40","targetHints":{"allow":["GET"]}}],"collection":[{"href":"https:\/\/herfred.dk\/index.php?rest_route=\/wp\/v2\/pages"}],"about":[{"href":"https:\/\/herfred.dk\/index.php?rest_route=\/wp\/v2\/types\/page"}],"author":[{"embeddable":true,"href":"https:\/\/herfred.dk\/index.php?rest_route=\/wp\/v2\/users\/2"}],"replies":[{"embeddable":true,"href":"https:\/\/herfred.dk\/index.php?rest_route=%2Fwp%2Fv2%2Fcomments&post=40"}],"version-history":[{"count":43,"href":"https:\/\/herfred.dk\/index.php?rest_route=\/wp\/v2\/pages\/40\/revisions"}],"predecessor-version":[{"id":2286,"href":"https:\/\/herfred.dk\/index.php?rest_route=\/wp\/v2\/pages\/40\/revisions\/2286"}],"up":[{"embeddable":true,"href":"https:\/\/herfred.dk\/index.php?rest_route=\/wp\/v2\/pages\/8"}],"wp:attachment":[{"href":"https:\/\/herfred.dk\/index.php?rest_route=%2Fwp%2Fv2%2Fmedia&parent=40"}],"curies":[{"name":"wp","href":"https:\/\/api.w.org\/{rel}","templated":true}]}}