{"id":410,"date":"2015-09-04T11:56:42","date_gmt":"2015-09-04T09:56:42","guid":{"rendered":"http:\/\/herfred.dk\/?page_id=410"},"modified":"2021-10-01T12:59:20","modified_gmt":"2021-10-01T10:59:20","slug":"ledige-stillinger","status":"publish","type":"page","link":"https:\/\/herfred.dk\/?page_id=410","title":{"rendered":"Ledige stillinger"},"content":{"rendered":"<div class=\"wpb-content-wrapper\">[vc_row][vc_column][vc_column_text]Her kan l\u00e6se om vores ledige stillinger:<\/p>\n<p><a class=\"color-button white\" href=\"http:\/\/www.laerkehoej.dk\/?page_id=445\" target=\"_blank\" rel=\"noopener\">P\u00e5 L\u00e6rkeh\u00f8j<\/a><\/p>\n<p><a class=\"color-button white\" href=\"http:\/\/www.lindevangen.dk\/?page_id=477\" target=\"_blank\" rel=\"noopener\">P\u00e5 Lindevangen<\/a>[\/vc_column_text][\/vc_column][\/vc_row]\n<\/div>","protected":false},"excerpt":{"rendered":"<p>[vc_row][vc_column][vc_column_text]Her kan l\u00e6se om vores ledige stillinger: P\u00e5 L\u00e6rkeh\u00f8j P\u00e5 Lindevangen[\/vc_column_text][\/vc_column][\/vc_row]<\/p>\n","protected":false},"author":3,"featured_media":0,"parent":0,"menu_order":5,"comment_status":"open","ping_status":"open","template":"","meta":{"footnotes":""},"class_list":["post-410","page","type-page","status-publish","hentry"],"_links":{"self":[{"href":"https:\/\/herfred.dk\/index.php?rest_route=\/wp\/v2\/pages\/410","targetHints":{"allow":["GET"]}}],"collection":[{"href":"https:\/\/herfred.dk\/index.php?rest_route=\/wp\/v2\/pages"}],"about":[{"href":"https:\/\/herfred.dk\/index.php?rest_route=\/wp\/v2\/types\/page"}],"author":[{"embeddable":true,"href":"https:\/\/herfred.dk\/index.php?rest_route=\/wp\/v2\/users\/3"}],"replies":[{"embeddable":true,"href":"https:\/\/herfred.dk\/index.php?rest_route=%2Fwp%2Fv2%2Fcomments&post=410"}],"version-history":[{"count":14,"href":"https:\/\/herfred.dk\/index.php?rest_route=\/wp\/v2\/pages\/410\/revisions"}],"predecessor-version":[{"id":610,"href":"https:\/\/herfred.dk\/index.php?rest_route=\/wp\/v2\/pages\/410\/revisions\/610"}],"wp:attachment":[{"href":"https:\/\/herfred.dk\/index.php?rest_route=%2Fwp%2Fv2%2Fmedia&parent=410"}],"curies":[{"name":"wp","href":"https:\/\/api.w.org\/{rel}","templated":true}]}}