{"id":42,"date":"2015-05-11T11:33:32","date_gmt":"2015-05-11T09:33:32","guid":{"rendered":"http:\/\/herfred.dk\/?page_id=42"},"modified":"2026-03-03T13:44:26","modified_gmt":"2026-03-03T12:44:26","slug":"rapporter","status":"publish","type":"page","link":"https:\/\/herfred.dk\/?page_id=42","title":{"rendered":"Rapporter"},"content":{"rendered":"<h1><strong>Tilsynsrapporter<\/strong><\/h1>\n<h2><strong>2025<\/strong><\/h2>\n<p><a href=\"https:\/\/herfred.dk\/wp-content\/uploads\/2026\/03\/Tilsynsrapport-01-12-2025-Lindevangen.pdf\">Lindevangen<\/a><br \/>\n<a href=\"https:\/\/herfred.dk\/wp-content\/uploads\/2026\/03\/Tilsynsrapport-30-04-2025-Laerkehoej.pdf\">L\u00e6rkeh\u00f8j<\/a><\/p>\n<h2><strong>2024<\/strong><\/h2>\n<p><a href=\"https:\/\/herfred.dk\/wp-content\/uploads\/2025\/05\/Tilsynsrapport-Lindevangen-2024-05-10.pdf\">Lindevangen<\/a><br \/>\n<a href=\"https:\/\/herfred.dk\/wp-content\/uploads\/2025\/05\/Tilsynsrapport-20.11.2024-Laerkehoej-rapport.pdf\">L\u00e6rkeh\u00f8j<\/a><\/p>\n<h2><strong>2023<\/strong><\/h2>\n<p><a href=\"http:\/\/herfred.dk\/wp-content\/uploads\/2024\/02\/Tilsynsrapport-30.10.2023-Lindevangen-rapport.pdf\">Lindevangen<\/a><br \/>\n<a href=\"http:\/\/herfred.dk\/wp-content\/uploads\/2024\/02\/Tilsynsrapport-LH-Hoveddokument-30.06.23.pdf.pdf\">L\u00e6rkeh\u00f8j<\/a><\/p>\n<p>&nbsp;<\/p>\n<p>&nbsp;<\/p>\n","protected":false},"excerpt":{"rendered":"<p>Tilsynsrapporter 2025 Lindevangen L\u00e6rkeh\u00f8j 2024 Lindevangen L\u00e6rkeh\u00f8j 2023 Lindevangen L\u00e6rkeh\u00f8j &nbsp; &nbsp;<\/p>\n","protected":false},"author":2,"featured_media":0,"parent":8,"menu_order":4,"comment_status":"closed","ping_status":"closed","template":"","meta":{"footnotes":""},"class_list":["post-42","page","type-page","status-publish","hentry"],"_links":{"self":[{"href":"https:\/\/herfred.dk\/index.php?rest_route=\/wp\/v2\/pages\/42","targetHints":{"allow":["GET"]}}],"collection":[{"href":"https:\/\/herfred.dk\/index.php?rest_route=\/wp\/v2\/pages"}],"about":[{"href":"https:\/\/herfred.dk\/index.php?rest_route=\/wp\/v2\/types\/page"}],"author":[{"embeddable":true,"href":"https:\/\/herfred.dk\/index.php?rest_route=\/wp\/v2\/users\/2"}],"replies":[{"embeddable":true,"href":"https:\/\/herfred.dk\/index.php?rest_route=%2Fwp%2Fv2%2Fcomments&post=42"}],"version-history":[{"count":33,"href":"https:\/\/herfred.dk\/index.php?rest_route=\/wp\/v2\/pages\/42\/revisions"}],"predecessor-version":[{"id":2292,"href":"https:\/\/herfred.dk\/index.php?rest_route=\/wp\/v2\/pages\/42\/revisions\/2292"}],"up":[{"embeddable":true,"href":"https:\/\/herfred.dk\/index.php?rest_route=\/wp\/v2\/pages\/8"}],"wp:attachment":[{"href":"https:\/\/herfred.dk\/index.php?rest_route=%2Fwp%2Fv2%2Fmedia&parent=42"}],"curies":[{"name":"wp","href":"https:\/\/api.w.org\/{rel}","templated":true}]}}