{"id":6,"date":"2015-04-30T11:52:17","date_gmt":"2015-04-30T09:52:17","guid":{"rendered":"http:\/\/herfred.dk\/?page_id=6"},"modified":"2021-11-25T14:35:16","modified_gmt":"2021-11-25T13:35:16","slug":"forsiden","status":"publish","type":"page","link":"https:\/\/herfred.dk\/","title":{"rendered":""},"content":{"rendered":"<div class=\"wpb-content-wrapper\"><p><a href=\"http:\/\/herfred.dk\/wp-content\/uploads\/2015\/04\/herbergerne-forside-1.jpg\"><img loading=\"lazy\" decoding=\"async\" class=\"alignnone wp-image-86 size-full\" src=\"http:\/\/herfred.dk\/wp-content\/uploads\/2015\/04\/herbergerne-forside-1.jpg\" alt=\"\" width=\"1200\" height=\"396\" srcset=\"https:\/\/herfred.dk\/wp-content\/uploads\/2015\/04\/herbergerne-forside-1.jpg 1200w, https:\/\/herfred.dk\/wp-content\/uploads\/2015\/04\/herbergerne-forside-1-300x99.jpg 300w, https:\/\/herfred.dk\/wp-content\/uploads\/2015\/04\/herbergerne-forside-1-1024x338.jpg 1024w\" sizes=\"auto, (max-width: 1200px) 100vw, 1200px\" \/><\/a><\/p>\n[vc_row full_width=&#8221;&#8221; parallax=&#8221;&#8221; parallax_image=&#8221;&#8221; visibility=&#8221;&#8221; css_animation=&#8221;&#8221; center_row=&#8221;&#8221; typography_style=&#8221;&#8221; column_spacing=&#8221;&#8221; tablet_fullwidth_cols=&#8221;&#8221; bg_style=&#8221;&#8221; parallax_mobile=&#8221;&#8221; parallax_style=&#8221;&#8221; parallax_direction=&#8221;&#8221; video_bg=&#8221;&#8221; video_bg_overlay=&#8221;&#8221; border_style=&#8221;&#8221;][vc_column width=&#8221;1\/1&#8243; style=&#8221;&#8221; visibility=&#8221;&#8221; css_animation=&#8221;&#8221; typo_style=&#8221;&#8221; drop_shadow=&#8221;&#8221; bg_style=&#8221;&#8221; border_style=&#8221;&#8221;][vc_column_text css_animation=&#8221;&#8221;][\/vc_column_text][vc_column_text]<strong><em>\u00a0<\/em><\/strong><\/p>\n<p><strong><em>\u00a0<\/em><\/strong>[\/vc_column_text][\/vc_column][\/vc_row][vc_row full_width=&#8221;&#8221; parallax=&#8221;&#8221; parallax_image=&#8221;&#8221; visibility=&#8221;&#8221; css_animation=&#8221;&#8221; center_row=&#8221;&#8221; typography_style=&#8221;&#8221; column_spacing=&#8221;&#8221; tablet_fullwidth_cols=&#8221;&#8221; bg_style=&#8221;&#8221; parallax_mobile=&#8221;&#8221; parallax_style=&#8221;&#8221; parallax_direction=&#8221;&#8221; video_bg=&#8221;&#8221; video_bg_overlay=&#8221;&#8221; border_style=&#8221;&#8221;][vc_column width=&#8221;1\/3&#8243; style=&#8221;&#8221; visibility=&#8221;&#8221; css_animation=&#8221;&#8221; typo_style=&#8221;&#8221; drop_shadow=&#8221;&#8221; bg_style=&#8221;&#8221; border_style=&#8221;&#8221; bg_color=&#8221;#ffffff&#8221; margin_top=&#8221;0&#8243; margin_bottom=&#8221;0&#8243; padding_left=&#8221;0&#8243; padding_right=&#8221;0&#8243; padding_top=&#8221;0&#8243; padding_bottom=&#8221;0&#8243;][vc_column_text css_animation=&#8221;&#8221;]<strong>Herberget Lindevangen<\/strong><br \/>\nEt midlertidigt botilbud for hjeml\u00f8se med andre personlige og sociale problemer \u2013 dog ikke misbrug eller ubehandlede psykiske lidelser. Herberget har pladser til b\u00e5de enlige og par \u2013 med og uden b\u00f8rn. Lindevangen yder ogs\u00e5 hj\u00e6lp til beboere, der flytter i egen bolig.<\/p>\n<p><a href=\"http:\/\/www.lindevangen.dk\" target=\"_blank\" rel=\"noopener\">Lindevangens hjemmeside<\/a>[\/vc_column_text][\/vc_column][vc_column width=&#8221;1\/3&#8243; style=&#8221;&#8221; visibility=&#8221;&#8221; css_animation=&#8221;&#8221; typo_style=&#8221;&#8221; drop_shadow=&#8221;&#8221; bg_style=&#8221;&#8221; border_style=&#8221;&#8221;][vc_column_text css_animation=&#8221;&#8221;]<strong>Herberget\u00a0L\u00e6rkeh\u00f8j<\/strong><br \/>\nEt midlertidigt botilbud for hjeml\u00f8se med sv\u00e6re personlige og sociale problemer herunder misbrug og psykiske lidelser.\u00a0L\u00e6rkeh\u00f8j driver ogs\u00e5 en natvarmestue for hjeml\u00f8se. Her kan brugerne f\u00e5 hj\u00e6lp til at komme videre.<\/p>\n<p><a href=\"http:\/\/www.laerkehoej.dk\" target=\"_blank\" rel=\"noopener\">L\u00e6rkeh\u00f8js hjemmeside<\/a>[\/vc_column_text][\/vc_column][vc_column width=&#8221;1\/3&#8243; style=&#8221;&#8221; visibility=&#8221;&#8221; css_animation=&#8221;&#8221; typo_style=&#8221;light&#8221; drop_shadow=&#8221;&#8221; bg_style=&#8221;&#8221; border_style=&#8221;&#8221; bg_color=&#8221;#26656c&#8221; margin_top=&#8221;5&#8243; margin_bottom=&#8221;50&#8243; padding_top=&#8221;20&#8243; padding_bottom=&#8221;35&#8243; padding_left=&#8221;25&#8243; padding_right=&#8221;20&#8243;][vc_column_text css_animation=&#8221;&#8221;]<strong>Herbergerne p\u00e5 Frederiksberg<\/strong><\/p>\n<ul>\n<li>Er Frederiksberg Kommunes tilbud til hjeml\u00f8se.<\/li>\n<li>Drives som en selvejende institution.<\/li>\n<li>Har hjemme i to nabohuse, der ejes af KFUKs Sociale Arbejde.<\/li>\n<\/ul>\n[\/vc_column_text][\/vc_column][\/vc_row][vc_row full_width=&#8221;&#8221; parallax=&#8221;&#8221; parallax_image=&#8221;&#8221; visibility=&#8221;&#8221; css_animation=&#8221;&#8221; center_row=&#8221;&#8221; typography_style=&#8221;&#8221; column_spacing=&#8221;&#8221; tablet_fullwidth_cols=&#8221;&#8221; bg_style=&#8221;&#8221; parallax_mobile=&#8221;&#8221; parallax_style=&#8221;&#8221; parallax_direction=&#8221;&#8221; video_bg=&#8221;&#8221; video_bg_overlay=&#8221;&#8221; border_style=&#8221;&#8221;][vc_column width=&#8221;1\/1&#8243; style=&#8221;&#8221; visibility=&#8221;&#8221; css_animation=&#8221;&#8221; typo_style=&#8221;&#8221; drop_shadow=&#8221;&#8221; bg_style=&#8221;&#8221; border_style=&#8221;&#8221;][\/vc_column][\/vc_row]\n<\/div>","protected":false},"excerpt":{"rendered":"<p>[vc_row full_width=&#8221;&#8221; parallax=&#8221;&#8221; parallax_image=&#8221;&#8221; visibility=&#8221;&#8221; css_animation=&#8221;&#8221; center_row=&#8221;&#8221; typography_style=&#8221;&#8221; column_spacing=&#8221;&#8221; tablet_fullwidth_cols=&#8221;&#8221; bg_style=&#8221;&#8221; parallax_mobile=&#8221;&#8221; parallax_style=&#8221;&#8221; parallax_direction=&#8221;&#8221; video_bg=&#8221;&#8221; video_bg_overlay=&#8221;&#8221; border_style=&#8221;&#8221;][vc_column width=&#8221;1\/1&#8243; style=&#8221;&#8221; visibility=&#8221;&#8221; css_animation=&#8221;&#8221; typo_style=&#8221;&#8221; drop_shadow=&#8221;&#8221; bg_style=&#8221;&#8221; border_style=&#8221;&#8221;][vc_column_text css_animation=&#8221;&#8221;][\/vc_column_text][vc_column_text]\u00a0 \u00a0[\/vc_column_text][\/vc_column][\/vc_row][vc_row full_width=&#8221;&#8221; parallax=&#8221;&#8221; parallax_image=&#8221;&#8221; visibility=&#8221;&#8221; css_animation=&#8221;&#8221; center_row=&#8221;&#8221; typography_style=&#8221;&#8221; column_spacing=&#8221;&#8221; tablet_fullwidth_cols=&#8221;&#8221; bg_style=&#8221;&#8221; parallax_mobile=&#8221;&#8221; parallax_style=&#8221;&#8221; parallax_direction=&#8221;&#8221;&hellip;<\/p>\n","protected":false},"author":2,"featured_media":0,"parent":0,"menu_order":0,"comment_status":"open","ping_status":"open","template":"","meta":{"footnotes":""},"class_list":["post-6","page","type-page","status-publish","hentry"],"_links":{"self":[{"href":"https:\/\/herfred.dk\/index.php?rest_route=\/wp\/v2\/pages\/6","targetHints":{"allow":["GET"]}}],"collection":[{"href":"https:\/\/herfred.dk\/index.php?rest_route=\/wp\/v2\/pages"}],"about":[{"href":"https:\/\/herfred.dk\/index.php?rest_route=\/wp\/v2\/types\/page"}],"author":[{"embeddable":true,"href":"https:\/\/herfred.dk\/index.php?rest_route=\/wp\/v2\/users\/2"}],"replies":[{"embeddable":true,"href":"https:\/\/herfred.dk\/index.php?rest_route=%2Fwp%2Fv2%2Fcomments&post=6"}],"version-history":[{"count":49,"href":"https:\/\/herfred.dk\/index.php?rest_route=\/wp\/v2\/pages\/6\/revisions"}],"predecessor-version":[{"id":618,"href":"https:\/\/herfred.dk\/index.php?rest_route=\/wp\/v2\/pages\/6\/revisions\/618"}],"wp:attachment":[{"href":"https:\/\/herfred.dk\/index.php?rest_route=%2Fwp%2Fv2%2Fmedia&parent=6"}],"curies":[{"name":"wp","href":"https:\/\/api.w.org\/{rel}","templated":true}]}}